{"id":2567,"date":"2024-03-23T14:14:07","date_gmt":"2024-03-23T19:14:07","guid":{"rendered":"https:\/\/elitecultural.com\/tienda\/?post_type=product&#038;p=2567"},"modified":"2024-03-28T00:00:08","modified_gmt":"2024-03-28T05:00:08","slug":"polo-rancherita-de-semana-santa","status":"publish","type":"product","link":"https:\/\/elitecultural.com\/tienda\/producto\/polo-rancherita-de-semana-santa\/","title":{"rendered":"Polo Rancherita de Semana Santa"},"content":{"rendered":"<h6>Polo de Rancherita de la Semana Santa de Acolla &#8211; Jauja<\/h6>\n<p>\u2705 Algodon Jersy \u00ab20 al 1\u00bb (algod\u00f3n doble)<br \/>\n\u2705 Estampado en alta calidad<br \/>\n\u2705 Colores disponibles: Blanco y negro<br \/>\n\u2705 Tallas disponibles: S, M, L (tallas est\u00e1ndar)<br \/>\n\u2705 Arte exclusivo y \u00fanico de \u00c9lite Cultural Per\u00fa<\/p>\n<h4><strong>\ud83d\udea8 PREVENTA SOLO HASTA EL 27 DE MARZO 2024 \ud83d\udea8<\/strong><\/h4>\n<p>&nbsp;<\/p>\n<p>A TENER EN CUENTA:<\/p>\n<p>\u2714\ufe0f El producto est\u00e1 en \u00a1\u00a1PREVENTA!!<br \/>\n\u2714\ufe0f Las entregas se realizar\u00e1n a partir del 27 de marzo de 2024<br \/>\n\u2714\ufe0f Precio normal: S\/40.00 (pasada la preventa)<br \/>\n\u2714\ufe0f El precio NO INCLUYE el costo de env\u00edo<br \/>\n\u2714\ufe0f El costo de env\u00edo se paga al recibir el producto<br \/>\n\u2714\ufe0f Costos de env\u00edo:<\/p>\n<ul>\n<li>Dentro de Jauja cercado: S\/3.00<\/li>\n<li>Distritos de Jauja: S\/6.00<\/li>\n<li>Huancayo: S\/16.00<\/li>\n<li>Lima y otras regiones: Se paga en la misma agencia al recibir el producto<\/li>\n<li>Tambi\u00e9n puede recoger el producto en nuestras instalaciones en Jauja (previa coordinaci\u00f3n al whatsapp 986891229)<\/li>\n<\/ul>\n<p>* Im\u00e1genes referenciales<\/p>\n","protected":false},"excerpt":{"rendered":"<p>Polo de Ranchero de la Semana Santa de Acolla &#8211; Jauja<\/p>\n<p>\u2705 Algodon Jersy \u00ab20 al 1\u00bb (algod\u00f3n doble)<br \/>\n\u2705 Estampado en alta calidad<br \/>\n\u2705 Colores disponibles: Blanco y negro<br \/>\n\u2705 Tallas disponibles: S, M, L (tallas est\u00e1ndar)<br \/>\n\u2705 Arte exclusivo y \u00fanico de \u00c9lite Cultural Per\u00fa<\/p>\n<p>Precio de preventa: S\/30.00 (Hasta el 27 de marzo 2024)<br \/>\nPrecio normal: S\/40.00<\/p>\n","protected":false},"featured_media":2581,"comment_status":"open","ping_status":"closed","template":"","meta":[],"product_brand":[],"product_cat":[260,259,258],"product_tag":[],"class_list":{"0":"post-2567","1":"product","2":"type-product","3":"status-publish","4":"has-post-thumbnail","6":"product_cat-polos","7":"product_cat-preventa","8":"product_cat-semana-santa","10":"first","11":"instock","12":"shipping-taxable","13":"purchasable","14":"product-type-variable"},"_links":{"self":[{"href":"https:\/\/elitecultural.com\/tienda\/wp-json\/wp\/v2\/product\/2567","targetHints":{"allow":["GET"]}}],"collection":[{"href":"https:\/\/elitecultural.com\/tienda\/wp-json\/wp\/v2\/product"}],"about":[{"href":"https:\/\/elitecultural.com\/tienda\/wp-json\/wp\/v2\/types\/product"}],"replies":[{"embeddable":true,"href":"https:\/\/elitecultural.com\/tienda\/wp-json\/wp\/v2\/comments?post=2567"}],"wp:featuredmedia":[{"embeddable":true,"href":"https:\/\/elitecultural.com\/tienda\/wp-json\/wp\/v2\/media\/2581"}],"wp:attachment":[{"href":"https:\/\/elitecultural.com\/tienda\/wp-json\/wp\/v2\/media?parent=2567"}],"wp:term":[{"taxonomy":"product_brand","embeddable":true,"href":"https:\/\/elitecultural.com\/tienda\/wp-json\/wp\/v2\/product_brand?post=2567"},{"taxonomy":"product_cat","embeddable":true,"href":"https:\/\/elitecultural.com\/tienda\/wp-json\/wp\/v2\/product_cat?post=2567"},{"taxonomy":"product_tag","embeddable":true,"href":"https:\/\/elitecultural.com\/tienda\/wp-json\/wp\/v2\/product_tag?post=2567"}],"curies":[{"name":"wp","href":"https:\/\/api.w.org\/{rel}","templated":true}]}}