{"id":2363,"date":"2023-03-07T18:15:26","date_gmt":"2023-03-07T23:15:26","guid":{"rendered":"https:\/\/elitecultural.com\/tienda\/?post_type=product&#038;p=2363"},"modified":"2023-03-07T18:21:11","modified_gmt":"2023-03-07T23:21:11","slug":"esto-es-jauja","status":"publish","type":"product","link":"https:\/\/elitecultural.com\/tienda\/producto\/esto-es-jauja\/","title":{"rendered":"Esto es Jauja"},"content":{"rendered":"<p>Esto es Jauja es un libro que contiene 14 cuentos, dentro de ellos: seis historias de corte fant\u00e1stico y ocho historias de corte realista. Todos los textos tienen como escenario com\u00fan a Jauja. En \u00e9l se encuentran cuentos que tienen como extensi\u00f3n desde una carilla hasta textos que abarcan las dos p\u00e1ginas.<\/p>\n<p>Autor consagrado: <a href=\"https:\/\/facebook.com\/felixquispeosorio94\" target=\"_blank\" rel=\"noopener\">F\u00e9lix Quispe Osorio<\/a><\/p>\n<p>Mira todas las <a href=\"https:\/\/elitecultural.com\/felixquispe\">producciones de F\u00e9lix Quispe Osorio haciendo clic aqu\u00ed<\/a><\/p>\n","protected":false},"excerpt":{"rendered":"<p>Esto es Jauja es un libro que contiene 14 cuentos, dentro de ellos: seis historias de corte fant\u00e1stico y ocho historias de corte realista.<\/p>\n","protected":false},"featured_media":2365,"comment_status":"open","ping_status":"closed","template":"","meta":[],"product_brand":[],"product_cat":[45,42],"product_tag":[51,46,36,47,49],"class_list":{"0":"post-2363","1":"product","2":"type-product","3":"status-publish","4":"has-post-thumbnail","6":"product_cat-felix-quispe-osorio","7":"product_cat-libros","8":"product_tag-cuentos","9":"product_tag-felix-quispe-osorio","10":"product_tag-jauja","11":"product_tag-libro","12":"product_tag-literatura","14":"first","15":"instock","16":"shipping-taxable","17":"purchasable","18":"product-type-simple"},"_links":{"self":[{"href":"https:\/\/elitecultural.com\/tienda\/wp-json\/wp\/v2\/product\/2363","targetHints":{"allow":["GET"]}}],"collection":[{"href":"https:\/\/elitecultural.com\/tienda\/wp-json\/wp\/v2\/product"}],"about":[{"href":"https:\/\/elitecultural.com\/tienda\/wp-json\/wp\/v2\/types\/product"}],"replies":[{"embeddable":true,"href":"https:\/\/elitecultural.com\/tienda\/wp-json\/wp\/v2\/comments?post=2363"}],"wp:featuredmedia":[{"embeddable":true,"href":"https:\/\/elitecultural.com\/tienda\/wp-json\/wp\/v2\/media\/2365"}],"wp:attachment":[{"href":"https:\/\/elitecultural.com\/tienda\/wp-json\/wp\/v2\/media?parent=2363"}],"wp:term":[{"taxonomy":"product_brand","embeddable":true,"href":"https:\/\/elitecultural.com\/tienda\/wp-json\/wp\/v2\/product_brand?post=2363"},{"taxonomy":"product_cat","embeddable":true,"href":"https:\/\/elitecultural.com\/tienda\/wp-json\/wp\/v2\/product_cat?post=2363"},{"taxonomy":"product_tag","embeddable":true,"href":"https:\/\/elitecultural.com\/tienda\/wp-json\/wp\/v2\/product_tag?post=2363"}],"curies":[{"name":"wp","href":"https:\/\/api.w.org\/{rel}","templated":true}]}}