{"id":2272,"date":"2023-01-19T12:33:44","date_gmt":"2023-01-19T17:33:44","guid":{"rendered":"https:\/\/elitecultural.com\/tienda\/?post_type=product&#038;p=2272"},"modified":"2023-01-19T12:54:13","modified_gmt":"2023-01-19T17:54:13","slug":"lenguaje-tunantero","status":"publish","type":"product","link":"https:\/\/elitecultural.com\/tienda\/producto\/lenguaje-tunantero\/","title":{"rendered":"Lenguaje Tunantero"},"content":{"rendered":"<p>Ocho personajes, a trav\u00e9s de amenas pl\u00e1ticas con el lector narrar\u00e1n su origen y papel importante en la cuadrilla tunantera.<\/p>\n<p>Con la participaci\u00f3n estelar de <a href=\"https:\/\/facebook.com\/felixquispeosorio94\" target=\"_blank\" rel=\"noopener\">F\u00e9lix Quispe Osorio<\/a><\/p>\n<p>Mira todas las <a href=\"https:\/\/elitecultural.com\/felixquispe\">producciones de F\u00e9lix Quispe Osorio haciendo clic aqu\u00ed<\/a><\/p>\n","protected":false},"excerpt":{"rendered":"<p>Ocho personajes, a trav\u00e9s de amenas pl\u00e1ticas con el lector narrar\u00e1n su origen y papel importante en la cuadrilla tunantera.<\/p>\n","protected":false},"featured_media":2273,"comment_status":"open","ping_status":"closed","template":"","meta":[],"product_brand":[],"product_cat":[45,42],"product_tag":[51,46,36,47,49,33],"class_list":{"0":"post-2272","1":"product","2":"type-product","3":"status-publish","4":"has-post-thumbnail","6":"product_cat-felix-quispe-osorio","7":"product_cat-libros","8":"product_tag-cuentos","9":"product_tag-felix-quispe-osorio","10":"product_tag-jauja","11":"product_tag-libro","12":"product_tag-literatura","13":"product_tag-tunantada","15":"first","16":"instock","17":"shipping-taxable","18":"purchasable","19":"product-type-simple"},"_links":{"self":[{"href":"https:\/\/elitecultural.com\/tienda\/wp-json\/wp\/v2\/product\/2272","targetHints":{"allow":["GET"]}}],"collection":[{"href":"https:\/\/elitecultural.com\/tienda\/wp-json\/wp\/v2\/product"}],"about":[{"href":"https:\/\/elitecultural.com\/tienda\/wp-json\/wp\/v2\/types\/product"}],"replies":[{"embeddable":true,"href":"https:\/\/elitecultural.com\/tienda\/wp-json\/wp\/v2\/comments?post=2272"}],"wp:featuredmedia":[{"embeddable":true,"href":"https:\/\/elitecultural.com\/tienda\/wp-json\/wp\/v2\/media\/2273"}],"wp:attachment":[{"href":"https:\/\/elitecultural.com\/tienda\/wp-json\/wp\/v2\/media?parent=2272"}],"wp:term":[{"taxonomy":"product_brand","embeddable":true,"href":"https:\/\/elitecultural.com\/tienda\/wp-json\/wp\/v2\/product_brand?post=2272"},{"taxonomy":"product_cat","embeddable":true,"href":"https:\/\/elitecultural.com\/tienda\/wp-json\/wp\/v2\/product_cat?post=2272"},{"taxonomy":"product_tag","embeddable":true,"href":"https:\/\/elitecultural.com\/tienda\/wp-json\/wp\/v2\/product_tag?post=2272"}],"curies":[{"name":"wp","href":"https:\/\/api.w.org\/{rel}","templated":true}]}}