{"id":215,"date":"2021-07-11T00:30:53","date_gmt":"2021-07-11T05:30:53","guid":{"rendered":"https:\/\/elitecultural.com\/tienda\/?post_type=product&#038;p=215"},"modified":"2022-05-05T11:35:30","modified_gmt":"2022-05-05T16:35:30","slug":"felix-quispe-osorio-presencias-minimas","status":"publish","type":"product","link":"https:\/\/elitecultural.com\/tienda\/producto\/felix-quispe-osorio-presencias-minimas\/","title":{"rendered":"Presencias m\u00ednimas"},"content":{"rendered":"<p>Presencias m\u00ednimas es un libro que contiene 47 microrrelatos, estos tienen diversas tem\u00e1ticas: rom\u00e1ntico, ecologista, terror, aventura etc. Se encontrar\u00e1n peque\u00f1os mundos en textos de tres l\u00edneas, media hoja o una hoja que narran situaciones abismales y controversiales.<\/p>\n","protected":false},"excerpt":{"rendered":"<p>Libro de 47 microrrelatos.<\/p>\n","protected":false},"featured_media":217,"comment_status":"open","ping_status":"closed","template":"","meta":[],"product_brand":[],"product_cat":[45,42],"product_tag":[46,36,47,48],"class_list":{"0":"post-215","1":"product","2":"type-product","3":"status-publish","4":"has-post-thumbnail","6":"product_cat-felix-quispe-osorio","7":"product_cat-libros","8":"product_tag-felix-quispe-osorio","9":"product_tag-jauja","10":"product_tag-libro","11":"product_tag-presencias-minimas","13":"first","14":"instock","15":"shipping-taxable","16":"purchasable","17":"product-type-simple"},"_links":{"self":[{"href":"https:\/\/elitecultural.com\/tienda\/wp-json\/wp\/v2\/product\/215","targetHints":{"allow":["GET"]}}],"collection":[{"href":"https:\/\/elitecultural.com\/tienda\/wp-json\/wp\/v2\/product"}],"about":[{"href":"https:\/\/elitecultural.com\/tienda\/wp-json\/wp\/v2\/types\/product"}],"replies":[{"embeddable":true,"href":"https:\/\/elitecultural.com\/tienda\/wp-json\/wp\/v2\/comments?post=215"}],"wp:featuredmedia":[{"embeddable":true,"href":"https:\/\/elitecultural.com\/tienda\/wp-json\/wp\/v2\/media\/217"}],"wp:attachment":[{"href":"https:\/\/elitecultural.com\/tienda\/wp-json\/wp\/v2\/media?parent=215"}],"wp:term":[{"taxonomy":"product_brand","embeddable":true,"href":"https:\/\/elitecultural.com\/tienda\/wp-json\/wp\/v2\/product_brand?post=215"},{"taxonomy":"product_cat","embeddable":true,"href":"https:\/\/elitecultural.com\/tienda\/wp-json\/wp\/v2\/product_cat?post=215"},{"taxonomy":"product_tag","embeddable":true,"href":"https:\/\/elitecultural.com\/tienda\/wp-json\/wp\/v2\/product_tag?post=215"}],"curies":[{"name":"wp","href":"https:\/\/api.w.org\/{rel}","templated":true}]}}