{"id":1672,"date":"2022-05-06T08:31:01","date_gmt":"2022-05-06T13:31:01","guid":{"rendered":"https:\/\/elitecultural.com\/tienda\/?post_type=product&#038;p=1672"},"modified":"2023-01-19T12:59:32","modified_gmt":"2023-01-19T17:59:32","slug":"cauce-abierto","status":"publish","type":"product","link":"https:\/\/elitecultural.com\/tienda\/producto\/cauce-abierto\/","title":{"rendered":"Cauce Abierto"},"content":{"rendered":"<p>Conjunto de relatos escritos por autores del Centro del Per\u00fa (Regi\u00f3n Jun\u00edn), en la que destaca el relato de F\u00e9lix Quispe Osorio.<\/p>\n","protected":false},"excerpt":{"rendered":"<p>Conjunto relatos de autores de la Regi\u00f3n Jun\u00edn<\/p>\n","protected":false},"featured_media":1673,"comment_status":"open","ping_status":"closed","template":"","meta":[],"product_brand":[],"product_cat":[45,42],"product_tag":[51,46,36,47,49],"class_list":{"0":"post-1672","1":"product","2":"type-product","3":"status-publish","4":"has-post-thumbnail","6":"product_cat-felix-quispe-osorio","7":"product_cat-libros","8":"product_tag-cuentos","9":"product_tag-felix-quispe-osorio","10":"product_tag-jauja","11":"product_tag-libro","12":"product_tag-literatura","14":"first","15":"instock","16":"shipping-taxable","17":"purchasable","18":"product-type-simple"},"_links":{"self":[{"href":"https:\/\/elitecultural.com\/tienda\/wp-json\/wp\/v2\/product\/1672","targetHints":{"allow":["GET"]}}],"collection":[{"href":"https:\/\/elitecultural.com\/tienda\/wp-json\/wp\/v2\/product"}],"about":[{"href":"https:\/\/elitecultural.com\/tienda\/wp-json\/wp\/v2\/types\/product"}],"replies":[{"embeddable":true,"href":"https:\/\/elitecultural.com\/tienda\/wp-json\/wp\/v2\/comments?post=1672"}],"wp:featuredmedia":[{"embeddable":true,"href":"https:\/\/elitecultural.com\/tienda\/wp-json\/wp\/v2\/media\/1673"}],"wp:attachment":[{"href":"https:\/\/elitecultural.com\/tienda\/wp-json\/wp\/v2\/media?parent=1672"}],"wp:term":[{"taxonomy":"product_brand","embeddable":true,"href":"https:\/\/elitecultural.com\/tienda\/wp-json\/wp\/v2\/product_brand?post=1672"},{"taxonomy":"product_cat","embeddable":true,"href":"https:\/\/elitecultural.com\/tienda\/wp-json\/wp\/v2\/product_cat?post=1672"},{"taxonomy":"product_tag","embeddable":true,"href":"https:\/\/elitecultural.com\/tienda\/wp-json\/wp\/v2\/product_tag?post=1672"}],"curies":[{"name":"wp","href":"https:\/\/api.w.org\/{rel}","templated":true}]}}