{"id":1482,"date":"2021-12-17T20:04:12","date_gmt":"2021-12-18T01:04:12","guid":{"rendered":"https:\/\/elitecultural.com\/tienda\/?post_type=product&#038;p=1482"},"modified":"2022-12-06T16:57:33","modified_gmt":"2022-12-06T21:57:33","slug":"miskimuna-750-ml-tubular-huatrilas","status":"publish","type":"product","link":"https:\/\/elitecultural.com\/tienda\/producto\/miskimuna-750-ml-tubular-huatrilas\/","title":{"rendered":"Miskimu\u00f1a 750 ml (tubular Huatrilas)"},"content":{"rendered":"<p>Miskimu\u00f1a de 750 ml desde Jauja para el mundo, presentaci\u00f3n en <strong>estuche tubular\u00a0<\/strong>alusivo a la <strong>Tunantada de Jauja<\/strong><\/p>\n<p><strong>Consideraciones:<\/strong><\/p>\n<ul>\n<li><em>El costo de env\u00edo se cancelar en la agencia al recoger el producto<\/em><\/li>\n<li><em>Tiempo estimado de entrega: 02 d\u00edas<\/em><\/li>\n<\/ul>\n<p>La MU\u00d1A se emplea tradicionalmente como remedio natural\u00a0 debido a sus propiedades digestivas y analg\u00e9sicas por las cuales es reconocida.<\/p>\n<p>Mira todos los productos de Miskimu\u00f1a haciendo <a href=\"https:\/\/elitecultural.com\/tienda\/asociado\/miskimuna\" rel=\"noopener\">clic aqu\u00ed<\/a>.<\/p>\n","protected":false},"excerpt":{"rendered":"<p>Miskimu\u00f1a de 750 ml &#8211; presentaci\u00f3n tubular alusivo a la <strong>Tunantada de Jauja<\/strong><\/p>\n","protected":false},"featured_media":1483,"comment_status":"open","ping_status":"closed","template":"","meta":[],"product_brand":[],"product_cat":[43,136],"product_tag":[34,36,137,69,59,138,64,33,55],"class_list":{"0":"post-1482","1":"product","2":"type-product","3":"status-publish","4":"has-post-thumbnail","6":"product_cat-licores","7":"product_cat-miskimuna","8":"product_tag-huatrila","9":"product_tag-jauja","10":"product_tag-miskimuna","11":"product_tag-muna","12":"product_tag-peru","13":"product_tag-rosendo-mayor","14":"product_tag-saludable","15":"product_tag-tunantada","16":"product_tag-valle-del-mantaro","18":"first","19":"instock","20":"shipping-taxable","21":"purchasable","22":"product-type-simple"},"_links":{"self":[{"href":"https:\/\/elitecultural.com\/tienda\/wp-json\/wp\/v2\/product\/1482","targetHints":{"allow":["GET"]}}],"collection":[{"href":"https:\/\/elitecultural.com\/tienda\/wp-json\/wp\/v2\/product"}],"about":[{"href":"https:\/\/elitecultural.com\/tienda\/wp-json\/wp\/v2\/types\/product"}],"replies":[{"embeddable":true,"href":"https:\/\/elitecultural.com\/tienda\/wp-json\/wp\/v2\/comments?post=1482"}],"wp:featuredmedia":[{"embeddable":true,"href":"https:\/\/elitecultural.com\/tienda\/wp-json\/wp\/v2\/media\/1483"}],"wp:attachment":[{"href":"https:\/\/elitecultural.com\/tienda\/wp-json\/wp\/v2\/media?parent=1482"}],"wp:term":[{"taxonomy":"product_brand","embeddable":true,"href":"https:\/\/elitecultural.com\/tienda\/wp-json\/wp\/v2\/product_brand?post=1482"},{"taxonomy":"product_cat","embeddable":true,"href":"https:\/\/elitecultural.com\/tienda\/wp-json\/wp\/v2\/product_cat?post=1482"},{"taxonomy":"product_tag","embeddable":true,"href":"https:\/\/elitecultural.com\/tienda\/wp-json\/wp\/v2\/product_tag?post=1482"}],"curies":[{"name":"wp","href":"https:\/\/api.w.org\/{rel}","templated":true}]}}