{"id":851,"date":"2021-09-14T12:48:34","date_gmt":"2021-09-14T17:48:34","guid":{"rendered":"https:\/\/elitecultural.com\/tienda\/?page_id=851"},"modified":"2021-09-14T16:19:10","modified_gmt":"2021-09-14T21:19:10","slug":"asociados","status":"publish","type":"page","link":"https:\/\/elitecultural.com\/tienda\/asociados\/","title":{"rendered":"Asociados"},"content":{"rendered":"<h2>Zona de asociados<\/h2>\n<p>Si ya eres asociado, accede al panel de \u00abMi Tienda\u00bb haciendo clic a continuaci\u00f3n<\/p>\n<p>\t\t\t<a href=\"https:\/\/elitecultural.com\/tienda\/acceder-mi-tienda\" role=\"button\"><br \/>\n\t\t\t\t\t\tMi Tienda<br \/>\n\t\t\t\t\t<\/a><\/p>\n<p>\u00bfA\u00fan no est\u00e1s afiliado?<\/p>\n<h2>forma parte de nuestra tienda<\/h2>\n<p>La primera tienda virtual para productores, artistas y artesanos del Valle del Mantaro.<\/p>\n<figure><img decoding=\"async\" src=\"https:\/\/elitecultural.com\/wp-content\/uploads\/sites\/2\/elementor\/thumbs\/zing-pd44g5trw2gnc286iuo93gwzj0volb74nmvedstsko.png\" alt=\"zing.png\" \/><\/figure>\n<figure><img decoding=\"async\" src=\"https:\/\/elitecultural.com\/wp-content\/uploads\/sites\/2\/elementor\/thumbs\/larozse-pd44g6rm2whxno6tdd2vnyog4er1t0auzrivv2seeg.png\" alt=\"larozse.png\" \/><\/figure>\n<figure><img decoding=\"async\" src=\"https:\/\/elitecultural.com\/wp-content\/uploads\/sites\/2\/elementor\/thumbs\/col-pd44g7pg9qj7za5g7vhi8gfwpsmf0pelbw6dccr088.png\" alt=\"col.png\" \/><\/figure>\n<figure><img decoding=\"async\" src=\"https:\/\/elitecultural.com\/wp-content\/uploads\/sites\/2\/elementor\/thumbs\/23-de-enero-Logo-Tienda-Elite-Cultural-pcxqsu4dc148d2z7w96tkp7zdhh1mwhnc6at2evffs.png\" alt=\"23 de enero Logo Tienda \u00c9lite Cultural\" \/><\/figure>\n<figure><img decoding=\"async\" src=\"https:\/\/elitecultural.com\/wp-content\/uploads\/sites\/2\/elementor\/thumbs\/Dygna-Miranda-Logo-Tienda-Elite-Cultural-pcxqt6c9svkyk0hgwwgyz44z3hsteyu5pus4b0db6w.png\" alt=\"Dygna Miranda Logo Tienda \u00c9lite Cultural\" \/><\/figure>\n<figure><img decoding=\"async\" src=\"https:\/\/elitecultural.com\/wp-content\/uploads\/sites\/2\/elementor\/thumbs\/Quimera-Logo-Tienda-Elite-Cultural-pcxqu8vnl31ps0xhnv4obcevgaiv6k35j5j0zcs63s.png\" alt=\"Quimera Logo Tienda \u00c9lite Cultural\" \/><\/figure>\n<figure><img decoding=\"async\" src=\"https:\/\/elitecultural.com\/wp-content\/uploads\/sites\/2\/elementor\/thumbs\/Miskimuna-Logo-Tienda-Elite-Cultural-pcxqtvpwxejp9hglspfwcfqf4wbq6smwtce89hboiw.png\" alt=\"Miskimu\u00f1a Logo Tienda \u00c9lite Cultural\" \/><\/figure>\n<figure><img decoding=\"async\" src=\"https:\/\/elitecultural.com\/wp-content\/uploads\/sites\/2\/elementor\/thumbs\/Felix-Quispe-Osorio-Logo-Tienda-Elite-Cultural-pcxqtduzbjv94w6jozpzj28nukrr4jo0ew005825t4.png\" alt=\"F\u00e9lix Quispe Osorio Logo Tienda \u00c9lite Cultural\" \/><\/figure>\n<p>\t\t\t\t\t\tAnterior<br \/>\n\t\t\t\t\t\tSiguiente<br \/>\n\t\t\t\t\t\t\t\u00abWhat really turned me over was the ability to understand how everything works without any prior knowledge.\u00bb<br \/>\n\t\t\t\t\t\t\t<img decoding=\"async\" width=\"300\" height=\"300\" src=\"https:\/\/elitecultural.com\/wp-content\/uploads\/sites\/2\/2021\/09\/25497478040_140ce47f31_k.jpg\" alt=\"\" loading=\"lazy\" \/><br \/>\n\t\t\t\t\t\t\t\t\t\t\t\t\t\tJohn Doe<br \/>\n\t\t\t\t\t\t\t\t\t\t\t\t\t\t\t\t\t\t\t\t\t\tDesigner<\/p>\n<h3>NUESTRAS Caracter\u00edsticas<\/h3>\n<figure><img decoding=\"async\" width=\"128\" height=\"128\" src=\"https:\/\/elitecultural.com\/wp-content\/uploads\/sites\/2\/2021\/09\/1470399662_Marketing.png\" alt=\"\" loading=\"lazy\" \/><\/figure>\n<h3>Anal\u00edtica de datos<\/h3>\n<p>Realizamos publicaciones patrocinadas para nuestros asociados y utilizamos los datos para mejorar llegar solo a nuestro p\u00fablico objetivo<\/p>\n<figure><img decoding=\"async\" width=\"128\" height=\"128\" src=\"https:\/\/elitecultural.com\/wp-content\/uploads\/sites\/2\/2021\/09\/1470399671_SEO.png\" alt=\"\" loading=\"lazy\" \/><\/figure>\n<h3>P\u00fablico definido<\/h3>\n<p>Contamos con un p\u00fablico objetivo definido y selecto para promocionar y lograr posicionar sus productos a nivel nacional<\/p>\n<figure><img decoding=\"async\" width=\"128\" height=\"128\" src=\"https:\/\/elitecultural.com\/wp-content\/uploads\/sites\/2\/2021\/09\/1470399715_E-Commerce.png\" alt=\"\" loading=\"lazy\" \/><\/figure>\n<h3>Procesador de pagos<\/h3>\n<p>Nuestra plataforma tiene la capacidad de recibir pagos de cualquier parte del mundo, las 24 horas del d\u00eda y los 7 d\u00edas de la semana<\/p>\n<figure><img decoding=\"async\" width=\"128\" height=\"128\" src=\"https:\/\/elitecultural.com\/wp-content\/uploads\/sites\/2\/2021\/09\/1470399674_App_Development.png\" alt=\"\" loading=\"lazy\" \/><\/figure>\n<h3>Soporte t\u00e9cnico<\/h3>\n<p>Brindamos asesoramiento permanente y constante a todos nuestros asociados en la gesti\u00f3n del comercio en l\u00ednea<\/p>\n<figure><img decoding=\"async\" width=\"128\" height=\"128\" src=\"https:\/\/elitecultural.com\/wp-content\/uploads\/sites\/2\/2021\/09\/1470399667_Newsletter.png\" alt=\"\" loading=\"lazy\" \/><\/figure>\n<h3>Acceso a eventos<\/h3>\n<p>Brindamos a nuestros asociados acceso a eventos presenciales y virtuales como ferias artesanales, conferencias y presentaciones.<\/p>\n<figure><img decoding=\"async\" width=\"128\" height=\"128\" src=\"https:\/\/elitecultural.com\/wp-content\/uploads\/sites\/2\/2021\/09\/1470399656_Branding.png\" alt=\"\" loading=\"lazy\" \/><\/figure>\n<h3>Credenciales de afiliaci\u00f3n<\/h3>\n<p>Otorgamos certificaci\u00f3n de afiliaci\u00f3n a nuestro colectivo para fortalecer las conexiones con otras entidades p\u00fablicas y\/o privadas<\/p>\n<h2>Af\u00edliate ahora<\/h2>\n<p>Clic en el siguiente bot\u00f3n para empezar a mostrar tus productos en nuestra tienda virtual<\/p>\n<p>\t\t\t<a href=\"https:\/\/elitecultural.com\/afiliacion\" role=\"button\"><br \/>\n\t\t\t\t\t\tAfiliaci\u00f3n<br \/>\n\t\t\t\t\t<\/a><\/p>\n","protected":false},"excerpt":{"rendered":"<p>Zona de asociados Si ya eres asociado, accede al panel de \u00abMi Tienda\u00bb haciendo clic a continuaci\u00f3n Mi Tienda \u00bfA\u00fan no est\u00e1s afiliado? forma parte de nuestra tienda La primera tienda virtual para productores, artistas y artesanos del Valle del Mantaro. Anterior Siguiente \u00abWhat really turned me over was the ability to understand how everything [&hellip;]<\/p>\n","protected":false},"author":1,"featured_media":0,"parent":0,"menu_order":0,"comment_status":"closed","ping_status":"closed","template":"","meta":{"footnotes":""},"class_list":["post-851","page","type-page","status-publish","hentry"],"_links":{"self":[{"href":"https:\/\/elitecultural.com\/tienda\/wp-json\/wp\/v2\/pages\/851","targetHints":{"allow":["GET"]}}],"collection":[{"href":"https:\/\/elitecultural.com\/tienda\/wp-json\/wp\/v2\/pages"}],"about":[{"href":"https:\/\/elitecultural.com\/tienda\/wp-json\/wp\/v2\/types\/page"}],"author":[{"embeddable":true,"href":"https:\/\/elitecultural.com\/tienda\/wp-json\/wp\/v2\/users\/1"}],"replies":[{"embeddable":true,"href":"https:\/\/elitecultural.com\/tienda\/wp-json\/wp\/v2\/comments?post=851"}],"version-history":[{"count":0,"href":"https:\/\/elitecultural.com\/tienda\/wp-json\/wp\/v2\/pages\/851\/revisions"}],"wp:attachment":[{"href":"https:\/\/elitecultural.com\/tienda\/wp-json\/wp\/v2\/media?parent=851"}],"curies":[{"name":"wp","href":"https:\/\/api.w.org\/{rel}","templated":true}]}}