{"id":769,"date":"2021-08-26T12:32:38","date_gmt":"2021-08-26T17:32:38","guid":{"rendered":"https:\/\/elitecultural.com\/tienda\/?page_id=769"},"modified":"2021-09-14T12:42:38","modified_gmt":"2021-09-14T17:42:38","slug":"cuenta-de-asociado-vendedor","status":"publish","type":"page","link":"https:\/\/elitecultural.com\/tienda\/cuenta-de-asociado-vendedor\/","title":{"rendered":"Cuenta de Asociado Vendedor"},"content":{"rendered":"<h2>Zona Asociados<\/h2>\n<section\n                    id=\"eael-login-form-wrapper\"\n                    data-recaptcha-theme=\"light\"\n                    data-recaptcha-size=\"normal\"><br \/>\n\t\t\t\t\tYa est\u00e1s conectado como jblancas.s27.    (<a href=\"https:\/\/elitecultural.com\/tienda\/wp-login.php?action=logout&#038;_wpnonce=ab6af6bb82\">Salir<\/a>)<br \/>\n            <\/section>\n<section\n                    id=\"eael-register-form-wrapper\"\n                    data-recaptcha-theme=\"light\"\n                    data-recaptcha-size=\"normal\"><\/p>\n<form\n                              id=\"eael-register-form\"\n                              method=\"post\"><br \/>\n\t\t\t\t\t\t\t\t\t<label for=\"form-field-user_name\">Nombre de usuario<\/label><input name=\"user_name\" type=\"text\" placeholder=\"Nombre de usuario\" id=\"form-field-user_name\"><br \/>\n\t\t\t\t\t\t\t\t\t<label for=\"form-field-email\">Correo electr\u00f3nico<\/label><input name=\"email\" type=\"email\" placeholder=\"Correo electr\u00f3nico\" id=\"form-field-email\" required=\"required\" aria-required=\"true\"><br \/>\n\t\t\t\t\t\t\t\t\t<label for=\"form-field-password\">Contrase\u00f1a<\/label><input name=\"password\" type=\"password\" placeholder=\"Contrase\u00f1a\" id=\"form-field-password\" required=\"required\" aria-required=\"true\"><br \/>\n\t\t\t\t\t\t\t\t<input type=\"hidden\" id=\"eael-register-nonce\" name=\"eael-register-nonce\" value=\"24a20ffe0d\" \/><input type=\"hidden\" name=\"_wp_http_referer\" value=\"\/tienda\/wp-admin\/admin-ajax.php\" \/>        <input type=\"hidden\"\n               name=\"page_id\"\n               value=\"769\"><br \/>\n        <input type=\"hidden\"\n               name=\"widget_id\"\n               value=\"12f61c7\"><br \/>\n                                <input type=\"submit\"\n                                       name=\"eael-register-submit\"\n                                       id=\"eael-register-submit\"\n                                       value=\"Registro\"\/><br \/>\n\t\t\t\t\t\t\t\t\t\t  <a href=\"\" id=\"eael-lr-login-toggle\" data-action=\"form\" >Reg\u00edstrate<\/a><br \/>\n\t\t\t\t\t\t\t                        <\/form>\n<\/section>\n","protected":false},"excerpt":{"rendered":"<p>Zona Asociados Ya est\u00e1s conectado como jblancas.s27. (Salir) Nombre de usuario Correo electr\u00f3nico Contrase\u00f1a Reg\u00edstrate<\/p>\n","protected":false},"author":1,"featured_media":0,"parent":0,"menu_order":0,"comment_status":"closed","ping_status":"closed","template":"","meta":{"footnotes":""},"class_list":["post-769","page","type-page","status-publish","hentry"],"_links":{"self":[{"href":"https:\/\/elitecultural.com\/tienda\/wp-json\/wp\/v2\/pages\/769","targetHints":{"allow":["GET"]}}],"collection":[{"href":"https:\/\/elitecultural.com\/tienda\/wp-json\/wp\/v2\/pages"}],"about":[{"href":"https:\/\/elitecultural.com\/tienda\/wp-json\/wp\/v2\/types\/page"}],"author":[{"embeddable":true,"href":"https:\/\/elitecultural.com\/tienda\/wp-json\/wp\/v2\/users\/1"}],"replies":[{"embeddable":true,"href":"https:\/\/elitecultural.com\/tienda\/wp-json\/wp\/v2\/comments?post=769"}],"version-history":[{"count":0,"href":"https:\/\/elitecultural.com\/tienda\/wp-json\/wp\/v2\/pages\/769\/revisions"}],"wp:attachment":[{"href":"https:\/\/elitecultural.com\/tienda\/wp-json\/wp\/v2\/media?parent=769"}],"curies":[{"name":"wp","href":"https:\/\/api.w.org\/{rel}","templated":true}]}}