{"id":666,"date":"2021-08-14T11:57:39","date_gmt":"2021-08-14T16:57:39","guid":{"rendered":"https:\/\/elitecultural.com\/tienda\/?page_id=666"},"modified":"2022-04-10T19:16:59","modified_gmt":"2022-04-11T00:16:59","slug":"referidos","status":"publish","type":"page","link":"https:\/\/elitecultural.com\/tienda\/referidos\/","title":{"rendered":"Programa de Referidos"},"content":{"rendered":"\n<p>Es un programa de afiliaci\u00f3n <span style=\"text-decoration: underline;\">exclusivo<\/span> de la TIENDA de \u00c9lite Cultural y consiste en <strong>generar comisiones<\/strong> por la venta de productos de nuestra tienda <span style=\"text-decoration: underline;\">virtual<\/span> a trav\u00e9s de enlaces (links) en redes sociales, Whatsapp o correo electr\u00f3nico.<\/p>\n\n\n\n<p>El sistema te proporcionar\u00e1 un c\u00f3digo de referencia con el cual rastrear\u00e1 toda la actividad que tus referidos realizan en nuestra tienda virtual. No es necesario que el cliente adquiera el producto que promocionas necesariamente. Las comisiones se otorgan cuando el referido adquiere cualquier producto en nuestra tienda, al que lleg\u00f3 <strong>a trav\u00e9s de tu c\u00f3digo de referencia<\/strong>.<\/p>\n\n\n\n<p>Para ser parte del programa de referidos solo tienes que inscribirte en el formulario de abajo. <strong>Inscribirse en este programa no tiene ning\u00fan costo<\/strong> y puedes cancelar tu inscripci\u00f3n cuando quieras.<\/p>\n\n\n\n<p>Actualmente estamos otorgando el <strong>5% de comisi\u00f3n<\/strong> por cada producto vendido a trav\u00e9s de tus enlaces (links) y si bien esta comisi\u00f3n puede parecer &#8216;baja&#8217;, el resultado de tus ingresos depender\u00e1 del nivel de difusi\u00f3n que realices y del volumen de ventas que puedas generar con tus enlaces. <\/p>\n\n\n\n<p>Podr\u00e1s revisar los ingresos que vas logrando en el panel de referido que se habilitar\u00e1 de forma autom\u00e1tica una vez hayamos aprobado tu registro. Revisamos el sistema cada fin de mes y realizaremos la transacci\u00f3n de todo el saldo que hayas generado siempre que alcances el <strong>umbral de S\/200.00<\/strong> (dos cientos soles). Nosotros nos encargaremos de realizar la transacci\u00f3n a tu cuenta bancaria y te lo notificaremos por correo electr\u00f3nico. <\/p>\n\n\n\n<p>La revisi\u00f3n y aprobaci\u00f3n de tu solicitud de registro puede tomar <strong>hasta dos semanas<\/strong> y te enviaremos un correo para confirmar tu registro en el programa.<\/p>\n\n\n\n<p>Al registrarte <strong>aceptas <\/strong>que las condiciones descritas anteriormente <span style=\"text-decoration: underline;\">pueden variar<\/span> en cuanto a la <span style=\"text-decoration: underline;\">forma de comunicaci\u00f3n, el porcentaje de comisiones y umbral de pagos<\/span>. El registro y accedo al programa <strong>siempre ser\u00e1 gratuito<\/strong>.<\/p>\n\n\n\n<p>Para completar el registro debes rellenar los siguientes campos:<\/p>\n\n\n\n<p><strong>* Nombre:<\/strong> Tu primer nombre<br><strong>* Apellidos:<\/strong> Los dos apellidos<br><strong>* Direcci\u00f3n de correo electr\u00f3nico:<\/strong> Un correo que utilices de forma frecuente para poder estar al tanto de las notificaciones.<br><strong>* Direcci\u00f3n de correo electr\u00f3nico de pago:<\/strong> Si tienes un correo vinculado a Paypal, puedes indicarlo aqu\u00ed. Si no lo tienes, utiliza el correo anterior<\/p>\n\n\n\n<p>Procede a completar el formulario de registro <span style=\"text-decoration: underline;\">solo si est\u00e1s de acuerdo con lo descrito anteriormente<\/span><\/p>\n\n\n\n<p>Si ya est\u00e1s registrado haz clic en el bot\u00f3n de \u00abAcceder\u00bb y utiliza tu usuario (o correo) y tu contrase\u00f1a.<\/p>\n\n\n\n<div style=\"height:20px\" aria-hidden=\"true\" class=\"wp-block-spacer\"><\/div>\n\n\n\n<div class=\"wp-block-columns is-layout-flex wp-container-core-columns-is-layout-28f84493 wp-block-columns-is-layout-flex\">\n<div class=\"wp-block-column is-layout-flow wp-block-column-is-layout-flow\"><\/div>\n\n\n\n<div class=\"wp-block-column is-layout-flow wp-block-column-is-layout-flow\">\n<div style=\"height:50px\" aria-hidden=\"true\" id=\"grande\" class=\"wp-block-spacer\"><\/div>\n\n\n\n<div style=\"height:25px\" aria-hidden=\"true\" class=\"wp-block-spacer\"><\/div>\n\n\n\n<p class=\"has-text-align-center\">Si ya tienes una cuenta accede aqu\u00ed:  <\/p>\n\n\n\n<div class=\"wp-block-buttons is-horizontal is-content-justification-center is-layout-flex wp-container-core-buttons-is-layout-03627597 wp-block-buttons-is-layout-flex\">\n<div class=\"wp-block-button\"><a class=\"wp-block-button__link\" href=\"https:\/\/elitecultural.com\/tienda\/mi-cuenta\">Acceder<\/a><\/div>\n<\/div>\n\n\n\n<div style=\"height:40px\" aria-hidden=\"true\" class=\"wp-block-spacer\"><\/div>\n\n\n\n<p class=\"has-text-align-center\">Regresa a la tienda haciendo clic a continuaci\u00f3n:<\/p>\n\n\n\n<div class=\"wp-block-buttons is-horizontal is-content-justification-center is-layout-flex wp-container-core-buttons-is-layout-03627597 wp-block-buttons-is-layout-flex\">\n<div class=\"wp-block-button\"><a class=\"wp-block-button__link\" href=\"https:\/\/elitecultural.com\/tienda\">Volver a la tienda<\/a><\/div>\n<\/div>\n<\/div>\n<\/div>\n\n\n\n<p> Si tienes alg\u00fan inconveniente para registrarte o acceder, por favor rep\u00f3rtalo a soporte@elitecultural.com  <\/p>\n\n\n\n<div style=\"height:15px\" aria-hidden=\"true\" class=\"wp-block-spacer\"><\/div>\n","protected":false},"excerpt":{"rendered":"<p>Es un programa de afiliaci\u00f3n exclusivo de la TIENDA de \u00c9lite Cultural y consiste en generar comisiones por la venta de productos de nuestra tienda virtual a trav\u00e9s de enlaces (links) en redes sociales, Whatsapp o correo electr\u00f3nico. El sistema te proporcionar\u00e1 un c\u00f3digo de referencia con el cual rastrear\u00e1 toda la actividad que tus [&hellip;]<\/p>\n","protected":false},"author":1,"featured_media":0,"parent":0,"menu_order":0,"comment_status":"closed","ping_status":"closed","template":"","meta":{"footnotes":""},"class_list":["post-666","page","type-page","status-publish","hentry"],"_links":{"self":[{"href":"https:\/\/elitecultural.com\/tienda\/wp-json\/wp\/v2\/pages\/666","targetHints":{"allow":["GET"]}}],"collection":[{"href":"https:\/\/elitecultural.com\/tienda\/wp-json\/wp\/v2\/pages"}],"about":[{"href":"https:\/\/elitecultural.com\/tienda\/wp-json\/wp\/v2\/types\/page"}],"author":[{"embeddable":true,"href":"https:\/\/elitecultural.com\/tienda\/wp-json\/wp\/v2\/users\/1"}],"replies":[{"embeddable":true,"href":"https:\/\/elitecultural.com\/tienda\/wp-json\/wp\/v2\/comments?post=666"}],"version-history":[{"count":0,"href":"https:\/\/elitecultural.com\/tienda\/wp-json\/wp\/v2\/pages\/666\/revisions"}],"wp:attachment":[{"href":"https:\/\/elitecultural.com\/tienda\/wp-json\/wp\/v2\/media?parent=666"}],"curies":[{"name":"wp","href":"https:\/\/api.w.org\/{rel}","templated":true}]}}