{"id":655,"date":"2021-08-14T00:52:05","date_gmt":"2021-08-14T05:52:05","guid":{"rendered":"https:\/\/elitecultural.com\/tienda\/affiliate-dashboard\/"},"modified":"2022-04-10T17:31:33","modified_gmt":"2022-04-10T22:31:33","slug":"panel","status":"publish","type":"page","link":"https:\/\/elitecultural.com\/tienda\/referidos\/panel\/","title":{"rendered":"Panel de Control"},"content":{"rendered":"<p>T\u00fa n\u00famero de referencia es el n\u00famero: [gamipress_affiliate_id]<\/p>\n\n\n<p>[gamipress_referral_url_generator url=\u00bbhttps:\/\/elitecultural.com\/tienda\u00bb button_text=\u00bbGenerar URL\u00bb]<\/p>\n\n\n\n<p>HISTORIAL:<\/p>\n\n\n<p>Gracias a tus enlaces hemos recibido: [gamipress_referrals_count type=\u00bbvisits\u00bb] visitas a esta web<\/p>\n\n\n<p>Gracias a tus enlaces se han realizado: [gamipress_referrals_count type=\u00bbsales\u00bb] ventas en esta web<\/p>\n\n\n\n<div style=\"height:25px\" aria-hidden=\"true\" class=\"wp-block-spacer\"><\/div>\n\n\n\n<p>Si tienes alguna duda con respecto al uso de esta plataforma, por favor env\u00eda un correo a soporte@elitecultural.com<br>Si tu consulta es sobre los pagos y dem\u00e1s estad\u00edsticas de esta plataforma, env\u00eda un correo a ventas@elitecultural.com<\/p>\n\n\n\n<div style=\"height:40px\" aria-hidden=\"true\" class=\"wp-block-spacer\"><\/div>\n\n\n\n<div class=\"wp-block-columns alignfull is-layout-flex wp-container-core-columns-is-layout-28f84493 wp-block-columns-is-layout-flex\">\n<div class=\"wp-block-column is-layout-flow wp-block-column-is-layout-flow\" id=\"genera\">\n<p class=\"has-text-align-center\" id=\"genera_text\">Genera los enlaces para compartir en el siguiente bot\u00f3n:<\/p>\n\n\n\n<div class=\"wp-block-buttons is-horizontal is-content-justification-center is-layout-flex wp-container-core-buttons-is-layout-03627597 wp-block-buttons-is-layout-flex\">\n<div class=\"wp-block-button\" id=\"genera_boton\"><a class=\"wp-block-button__link\" href=\"https:\/\/elitecultural.com\/tienda\/referidos\/panel\/generate-link\/\">Generar links<\/a><\/div>\n<\/div>\n<\/div>\n\n\n\n<div class=\"wp-block-column is-layout-flow wp-block-column-is-layout-flow\" style=\"flex-basis:5%\"><\/div>\n\n\n\n<div class=\"wp-block-column is-layout-flow wp-block-column-is-layout-flow\">\n<p class=\"has-text-align-center\" id=\"tienda_otra_text\">Abrir la Tienda en otra pesta\u00f1a para buscar links:<\/p>\n\n\n\n<div class=\"wp-block-buttons is-horizontal is-content-justification-center is-layout-flex wp-container-core-buttons-is-layout-03627597 wp-block-buttons-is-layout-flex\">\n<div class=\"wp-block-button\" id=\"tienda_otra_boton\"><a class=\"wp-block-button__link\" href=\"https:\/\/elitecultural.com\/tienda\" target=\"_blank\" rel=\"noreferrer noopener\">Abrir tienda<\/a><\/div>\n<\/div>\n<\/div>\n\n\n\n<div class=\"wp-block-column is-layout-flow wp-block-column-is-layout-flow\" style=\"flex-basis:5%\"><\/div>\n\n\n\n<div class=\"wp-block-column is-layout-flow wp-block-column-is-layout-flow\">\n<p class=\"has-text-align-center\" id=\"panel_text\">Clic en el siguiente bot\u00f3n para volver al Panel de Control:<\/p>\n\n\n\n<div class=\"wp-block-buttons is-horizontal is-content-justification-center is-layout-flex wp-container-core-buttons-is-layout-03627597 wp-block-buttons-is-layout-flex\">\n<div class=\"wp-block-button\" id=\"panel_boton\"><a class=\"wp-block-button__link\" href=\"https:\/\/elitecultural.com\/tienda\/referidos\/panel\">Panel de Control<\/a><\/div>\n<\/div>\n<\/div>\n<\/div>\n\n\n\n<div style=\"height:35px\" aria-hidden=\"true\" class=\"wp-block-spacer\"><\/div>\n\n\n\n<div class=\"wp-block-columns alignfull is-layout-flex wp-container-core-columns-is-layout-28f84493 wp-block-columns-is-layout-flex\">\n<div class=\"wp-block-column is-layout-flow wp-block-column-is-layout-flow\">\n<p class=\"has-text-align-center\" id=\"direct_tienda_text\">Ir directamente a la Tienda:<\/p>\n\n\n\n<div class=\"wp-block-buttons is-horizontal is-content-justification-center is-layout-flex wp-container-core-buttons-is-layout-03627597 wp-block-buttons-is-layout-flex\">\n<div class=\"wp-block-button\" id=\"direct_tienda_boton\"><a class=\"wp-block-button__link\" href=\"https:\/\/elitecultural.com\/tienda\">Tienda \u00c9lite Cultural<\/a><\/div>\n<\/div>\n<\/div>\n\n\n\n<div class=\"wp-block-column is-layout-flow wp-block-column-is-layout-flow\" style=\"flex-basis:5%\"><\/div>\n\n\n\n<div class=\"wp-block-column is-layout-flow wp-block-column-is-layout-flow\">\n<p class=\"has-text-align-center\" id=\"acceder_text\">Si cerr\u00f3 sesi\u00f3n, vuela a acceder aqu\u00ed:<\/p>\n\n\n\n<div class=\"wp-block-buttons is-horizontal is-content-justification-center is-layout-flex wp-container-core-buttons-is-layout-03627597 wp-block-buttons-is-layout-flex\">\n<div class=\"wp-block-button\" id=\"acceder_boton\"><a class=\"wp-block-button__link\" href=\"https:\/\/elitecultural.com\/tienda\/wp-login.php\">Acceder<\/a><\/div>\n<\/div>\n<\/div>\n\n\n\n<div class=\"wp-block-column is-layout-flow wp-block-column-is-layout-flow\" style=\"flex-basis:5%\"><\/div>\n\n\n\n<div class=\"wp-block-column is-layout-flow wp-block-column-is-layout-flow\">\n<p class=\"has-text-align-center\" id=\"referidos_text\">Ir a Referidos:<\/p>\n\n\n\n<div class=\"wp-block-buttons is-horizontal is-content-justification-center is-layout-flex wp-container-core-buttons-is-layout-03627597 wp-block-buttons-is-layout-flex\">\n<div class=\"wp-block-button\" id=\"referidos_boton\"><a class=\"wp-block-button__link\" href=\"https:\/\/elitecultural.com\/tienda\/referidos\">Programa de referidos<\/a><\/div>\n<\/div>\n<\/div>\n<\/div>\n\n\n\n<div style=\"height:15px\" aria-hidden=\"true\" class=\"wp-block-spacer\"><\/div>\n\n\n\n<p><\/p>\n","protected":false},"excerpt":{"rendered":"<p>HISTORIAL: Si tienes alguna duda con respecto al uso de esta plataforma, por favor env\u00eda un correo a soporte@elitecultural.comSi tu consulta es sobre los pagos y dem\u00e1s estad\u00edsticas de esta plataforma, env\u00eda un correo a ventas@elitecultural.com Genera los enlaces para compartir en el siguiente bot\u00f3n: Abrir la Tienda en otra pesta\u00f1a para buscar links: Clic [&hellip;]<\/p>\n","protected":false},"author":1,"featured_media":0,"parent":666,"menu_order":0,"comment_status":"closed","ping_status":"closed","template":"","meta":{"footnotes":""},"class_list":["post-655","page","type-page","status-publish","hentry"],"_links":{"self":[{"href":"https:\/\/elitecultural.com\/tienda\/wp-json\/wp\/v2\/pages\/655","targetHints":{"allow":["GET"]}}],"collection":[{"href":"https:\/\/elitecultural.com\/tienda\/wp-json\/wp\/v2\/pages"}],"about":[{"href":"https:\/\/elitecultural.com\/tienda\/wp-json\/wp\/v2\/types\/page"}],"author":[{"embeddable":true,"href":"https:\/\/elitecultural.com\/tienda\/wp-json\/wp\/v2\/users\/1"}],"replies":[{"embeddable":true,"href":"https:\/\/elitecultural.com\/tienda\/wp-json\/wp\/v2\/comments?post=655"}],"version-history":[{"count":0,"href":"https:\/\/elitecultural.com\/tienda\/wp-json\/wp\/v2\/pages\/655\/revisions"}],"up":[{"embeddable":true,"href":"https:\/\/elitecultural.com\/tienda\/wp-json\/wp\/v2\/pages\/666"}],"wp:attachment":[{"href":"https:\/\/elitecultural.com\/tienda\/wp-json\/wp\/v2\/media?parent=655"}],"curies":[{"name":"wp","href":"https:\/\/api.w.org\/{rel}","templated":true}]}}