{"id":344,"date":"2021-07-29T11:19:08","date_gmt":"2021-07-29T16:19:08","guid":{"rendered":"https:\/\/elitecultural.com\/tienda\/?page_id=344"},"modified":"2021-08-15T14:01:20","modified_gmt":"2021-08-15T19:01:20","slug":"politica-de-privacidad","status":"publish","type":"page","link":"https:\/\/elitecultural.com\/tienda\/politica-de-privacidad\/","title":{"rendered":"Pol\u00edtica de Privacidad"},"content":{"rendered":"<h2>Pol\u00edtica de Privacidad<\/h2>\n<h3>Qu\u00e9 datos personales recogemos y por qu\u00e9 los recogemos<\/h3>\n<p>Los datos que recogemos y guardamos son aquellas referentes a los datos del cliente y la direcci\u00f3n de env\u00edo para realizar los despachos correspondientes. Por razones de seguridad y confianza, no recogemos ni almacenamos los datos de las tarjetas de d\u00e9bito o cr\u00e9dito ingresadas al momento de la compra.<\/p>\n<h3>Con qui\u00e9n compartimos tus datos<\/h3>\n<p>No compartimos tus datos con nadie. Los utilizaremos para enviarte promociones y ofertas de nuestra tienda, as\u00ed como novedades y contenido de nuestro blog. No hay de qu\u00e9 preocuparse.<\/p>\n<h3>Datos en comentarios<\/h3>\n<p>Cuando los visitantes dejan comentarios en la web, recopilamos los datos que se muestran en el formulario de comentarios, as\u00ed como la direcci\u00f3n IP del visitante y la cadena de agentes de usuario del navegador para ayudar a la detecci\u00f3n de spam.<\/p>\n<p>Una cadena an\u00f3nima creada a partir de tu direcci\u00f3n de correo electr\u00f3nico (tambi\u00e9n llamada hash) puede ser proporcionada al servicio de Gravatar para ver si la est\u00e1s usando. La pol\u00edtica de privacidad del servicio Gravatar est\u00e1 disponible aqu\u00ed:\u00a0<a href=\"https:\/\/automattic.com\/privacy\" target=\"_blank\" rel=\"noopener\">https:\/\/automattic.com\/privacy<\/a>. Despu\u00e9s de la aprobaci\u00f3n de tu comentario, la imagen de tu perfil es visible para el p\u00fablico en el contexto de tu comentario, siempre que utilices el servicio de Gravatar.<\/p>\n<h3>Datos en Programa de Referidos<\/h3>\n<p>El programa de referidos prioriza el nombre de usuario para la identificaci\u00f3n de los afiliados. Este nombre de usuario se obtiene del correo electr\u00f3nico proporcionado por el interesado en ser parte del programa de referidos. No compartimos estos datos con nadie y son utilizados para gestionar el pago por las comisiones generadas.<\/p>\n<h3>Cookies<\/h3>\n<p>Si dejas un comentario en nuestro sitio puedes elegir guardar tu nombre, direcci\u00f3n de correo electr\u00f3nico y web en cookies. Esto es para tu comodidad, para que no tengas que volver a rellenar tus datos cuando dejes otro comentario. Estas cookies tendr\u00e1n una duraci\u00f3n de un a\u00f1o.<\/p>\n<p>Si tienes una cuenta y te conectas a este sitio, instalaremos una cookie temporal para determinar si tu navegador acepta cookies. Esta cookie no contiene datos personales y se elimina al cerrar el navegador.<\/p>\n<p>Cuando accedas, tambi\u00e9n instalaremos varias cookies para guardar tu informaci\u00f3n de acceso y tus opciones de visualizaci\u00f3n de pantalla. Las cookies de acceso duran dos d\u00edas, y las cookies de opciones de pantalla duran un a\u00f1o. Si seleccionas \u00abRecu\u00e9rdarme\u00bb, tu acceso perdurar\u00e1 durante dos semanas. Si sales de tu cuenta, las cookies de acceso se eliminar\u00e1n.<\/p>\n","protected":false},"excerpt":{"rendered":"<p>Pol\u00edtica de Privacidad Qu\u00e9 datos personales recogemos y por qu\u00e9 los recogemos Los datos que recogemos y guardamos son aquellas referentes a los datos del cliente y la direcci\u00f3n de env\u00edo para realizar los despachos correspondientes. Por razones de seguridad y confianza, no recogemos ni almacenamos los datos de las tarjetas de d\u00e9bito o cr\u00e9dito [&hellip;]<\/p>\n","protected":false},"author":1,"featured_media":0,"parent":0,"menu_order":0,"comment_status":"closed","ping_status":"closed","template":"","meta":{"footnotes":""},"class_list":["post-344","page","type-page","status-publish","hentry"],"_links":{"self":[{"href":"https:\/\/elitecultural.com\/tienda\/wp-json\/wp\/v2\/pages\/344","targetHints":{"allow":["GET"]}}],"collection":[{"href":"https:\/\/elitecultural.com\/tienda\/wp-json\/wp\/v2\/pages"}],"about":[{"href":"https:\/\/elitecultural.com\/tienda\/wp-json\/wp\/v2\/types\/page"}],"author":[{"embeddable":true,"href":"https:\/\/elitecultural.com\/tienda\/wp-json\/wp\/v2\/users\/1"}],"replies":[{"embeddable":true,"href":"https:\/\/elitecultural.com\/tienda\/wp-json\/wp\/v2\/comments?post=344"}],"version-history":[{"count":0,"href":"https:\/\/elitecultural.com\/tienda\/wp-json\/wp\/v2\/pages\/344\/revisions"}],"wp:attachment":[{"href":"https:\/\/elitecultural.com\/tienda\/wp-json\/wp\/v2\/media?parent=344"}],"curies":[{"name":"wp","href":"https:\/\/api.w.org\/{rel}","templated":true}]}}