{"id":11,"date":"2020-06-21T20:21:45","date_gmt":"2020-06-22T01:21:45","guid":{"rendered":"https:\/\/elitecultural.com\/prueba\/?page_id=11"},"modified":"2023-01-26T10:00:31","modified_gmt":"2023-01-26T15:00:31","slug":"tienda","status":"publish","type":"page","link":"https:\/\/elitecultural.com\/tienda\/","title":{"rendered":"TIENDA"},"content":{"rendered":"<h1>TIENDA<\/h1>\n<h2>\u00c9LITE CULTURAL PER\u00da<\/h2>\n<h3>Marcas:<\/h3>\n<figure><img decoding=\"async\" src=\"https:\/\/elitecultural.com\/tienda\/wp-content\/uploads\/sites\/2\/elementor\/thumbs\/Quimera-Logo-Tienda-Elite-Cultural-pcxqu8vnl31ps0xhnv4obcevgaiv6k35j5j0zcs63s.png\" alt=\"Quimera Logo Tienda \u00c9lite Cultural\" \/><\/figure>\n<figure><img decoding=\"async\" src=\"https:\/\/elitecultural.com\/tienda\/wp-content\/uploads\/sites\/2\/elementor\/thumbs\/Felix-Quispe-Osorio-Logo-Tienda-Elite-Cultural-pcxqtduzbjv94w6jozpzj28nukrr4jo0ew005825t4.png\" alt=\"F\u00e9lix Quispe Osorio Logo Tienda \u00c9lite Cultural\" \/><\/figure>\n<figure><img decoding=\"async\" src=\"https:\/\/elitecultural.com\/tienda\/wp-content\/uploads\/sites\/2\/elementor\/thumbs\/23-de-enero-Logo-Tienda-Elite-Cultural-pcxqsu4dc148d2z7w96tkp7zdhh1mwhnc6at2evffs.png\" alt=\"23 de enero Logo Tienda \u00c9lite Cultural\" \/><\/figure>\n<figure><img decoding=\"async\" src=\"https:\/\/elitecultural.com\/tienda\/wp-content\/uploads\/sites\/2\/elementor\/thumbs\/Dygna-Miranda-Logo-Tienda-Elite-Cultural-pcxqt6c9svkyk0hgwwgyz44z3hsteyu5pus4b0db6w.png\" alt=\"Dygna Miranda Logo Tienda \u00c9lite Cultural\" \/><\/figure>\n<figure><img decoding=\"async\" src=\"https:\/\/elitecultural.com\/tienda\/wp-content\/uploads\/sites\/2\/elementor\/thumbs\/Miskimuna-Logo-Tienda-Elite-Cultural-pcxqtvpwxejp9hglspfwcfqf4wbq6smwtce89hboiw.png\" alt=\"Miskimu\u00f1a Logo Tienda \u00c9lite Cultural\" \/><\/figure>\n<p>\t\t[fibosearch]<\/p>\n<p><em>T\u00e9rminos y condiciones de la tienda<\/em><\/p>\n<h3>productos:<\/h3>\n<ul data-layout-mode=\"grid\">\n<li>\n            <a href=\"https:\/\/elitecultural.com\/tienda\/producto\/felix-quispe-osorio-hoy-es-siempre-todavia\/\">            <img fetchpriority=\"high\" decoding=\"async\" width=\"300\" height=\"300\" src=\"https:\/\/elitecultural.com\/tienda\/wp-content\/uploads\/sites\/2\/2021\/07\/Felix-Quispe-Osorio-Hoy-es-siempre-todavia-300x300.png\" alt=\"\" loading=\"eager\" \/><\/a><br \/>\n            <a href=\"https:\/\/elitecultural.com\/tienda\/producto\/felix-quispe-osorio-hoy-es-siempre-todavia\/\"><\/p>\n<h2>Hoy es siempre todav\u00eda<\/h2>\n<p><\/a><br \/>\n            Valorado en <strong>0<\/strong> de 5Agotado<bdi>S\/10.00<\/bdi>            <a href=\"https:\/\/elitecultural.com\/tienda\/producto\/felix-quispe-osorio-hoy-es-siempre-todavia\/\" data-quantity=\"1\" data-product_id=\"219\" data-product_sku=\"\" aria-label=\"Lee m\u00e1s sobre &ldquo;Hoy es siempre todav\u00eda&rdquo;\" rel=\"nofollow\">Leer m\u00e1s<\/a>\n    <\/li>\n<li>\n            <a href=\"https:\/\/elitecultural.com\/tienda\/producto\/valle-andina-600-ml\/\">            <img decoding=\"async\" width=\"300\" height=\"300\" src=\"https:\/\/elitecultural.com\/tienda\/wp-content\/uploads\/sites\/2\/2022\/12\/Valle-Andina-portada-latas-300x300.png\" alt=\"Valle Andina artesanal, tienda \u00c9lite Cultural Per\u00fa\" loading=\"eager\" \/><br \/>\n\t\tNUEVO<br \/>\n<!--yith-wcbm-badge--><br \/>\n<!--container-image-and-badge--><\/a><br \/>\n            <a href=\"https:\/\/elitecultural.com\/tienda\/producto\/valle-andina-600-ml\/\"><\/p>\n<h2>Valle Andina 600 ml<\/h2>\n<p><\/a><br \/>\n            Valorado en <strong>0<\/strong> de 5<bdi>S\/15.00<\/bdi>            <a href=\"https:\/\/elitecultural.com\/tienda\/producto\/valle-andina-600-ml\/\" data-quantity=\"1\" data-product_id=\"2110\" data-product_sku=\"\" aria-label=\"Elige las opciones para &ldquo;Valle Andina 600 ml&rdquo;\" rel=\"nofollow\">Seleccionar opciones<\/a>\n    <\/li>\n<li>\n            <a href=\"https:\/\/elitecultural.com\/tienda\/producto\/miskimuna-355-ml\/\">            <img decoding=\"async\" width=\"300\" height=\"300\" src=\"https:\/\/elitecultural.com\/tienda\/wp-content\/uploads\/sites\/2\/2021\/09\/Miski-muna-355-ml-Tienda-Elite-Cultural-Jauja-300x300.png\" alt=\"\" loading=\"eager\" \/><\/a><br \/>\n            <a href=\"https:\/\/elitecultural.com\/tienda\/producto\/miskimuna-355-ml\/\"><\/p>\n<h2>Miskimu\u00f1a 355 ml<\/h2>\n<p><\/a><br \/>\n            Valorado en <strong>0<\/strong> de 5<bdi>S\/13.00<\/bdi>            <a href=\"?add-to-cart=971\" data-quantity=\"1\" data-product_id=\"971\" data-product_sku=\"\" aria-label=\"A\u00f1ade &ldquo;Miskimu\u00f1a 355 ml&rdquo; a tu carrito\" rel=\"nofollow\">A\u00f1adir al carrito<\/a>\n    <\/li>\n<li>\n            <a href=\"https:\/\/elitecultural.com\/tienda\/producto\/miskimuna-1-l\/\">            <img decoding=\"async\" width=\"300\" height=\"300\" src=\"https:\/\/elitecultural.com\/tienda\/wp-content\/uploads\/sites\/2\/2021\/09\/Miski-muna-1L-Tienda-Elite-Cultural-Jauja-300x300.png\" alt=\"miskimu\u00f1a jauja artesanal\" loading=\"eager\" \/><\/a><br \/>\n            <a href=\"https:\/\/elitecultural.com\/tienda\/producto\/miskimuna-1-l\/\"><\/p>\n<h2>Miskimu\u00f1a 1 L<\/h2>\n<p><\/a><br \/>\n            Valorado en <strong>0<\/strong> de 5<bdi>S\/29.00<\/bdi>            <a href=\"?add-to-cart=979\" data-quantity=\"1\" data-product_id=\"979\" data-product_sku=\"\" aria-label=\"A\u00f1ade &ldquo;Miskimu\u00f1a 1 L&rdquo; a tu carrito\" rel=\"nofollow\">A\u00f1adir al carrito<\/a>\n    <\/li>\n<li>\n            <a href=\"https:\/\/elitecultural.com\/tienda\/producto\/miskimuna-750-ml-tubular-carnaval-jaujina\/\">            <img decoding=\"async\" width=\"300\" height=\"300\" src=\"https:\/\/elitecultural.com\/tienda\/wp-content\/uploads\/sites\/2\/2021\/12\/Miskimuna-presentacion-tubular-Carnaval-Jaujina-300x300.png\" alt=\"Miskimu\u00f1a Jauja presentaci\u00f3n tubular carnaval jaujino - jaujina\" loading=\"eager\" \/><\/a><br \/>\n            <a href=\"https:\/\/elitecultural.com\/tienda\/producto\/miskimuna-750-ml-tubular-carnaval-jaujina\/\"><\/p>\n<h2>Miskimu\u00f1a 750 ml (tubular Carnaval &#8211; Jaujina)<\/h2>\n<p><\/a><br \/>\n            Valorado en <strong>0<\/strong> de 5<bdi>S\/36.00<\/bdi>            <a href=\"?add-to-cart=1492\" data-quantity=\"1\" data-product_id=\"1492\" data-product_sku=\"\" aria-label=\"A\u00f1ade &ldquo;Miskimu\u00f1a 750 ml (tubular Carnaval - Jaujina)&rdquo; a tu carrito\" rel=\"nofollow\">A\u00f1adir al carrito<\/a>\n    <\/li>\n<li>\n            <a href=\"https:\/\/elitecultural.com\/tienda\/producto\/jauja-en-el-bicentenario\/\">            <img decoding=\"async\" width=\"300\" height=\"300\" src=\"https:\/\/elitecultural.com\/tienda\/wp-content\/uploads\/sites\/2\/2021\/09\/Libro-Dygna-Miranda-Jauja-en-el-bicentanario-300x300.png\" alt=\"\" loading=\"eager\" \/><\/a><br \/>\n            <a href=\"https:\/\/elitecultural.com\/tienda\/producto\/jauja-en-el-bicentenario\/\"><\/p>\n<h2>Jauja en el Bicentenario<\/h2>\n<p><\/a><br \/>\n            Valorado en <strong>0<\/strong> de 5<bdi>S\/35.00<\/bdi>            <a href=\"?add-to-cart=807\" data-quantity=\"1\" data-product_id=\"807\" data-product_sku=\"\" aria-label=\"A\u00f1ade &ldquo;Jauja en el Bicentenario&rdquo; a tu carrito\" rel=\"nofollow\">A\u00f1adir al carrito<\/a>\n    <\/li>\n<li>\n            <a href=\"https:\/\/elitecultural.com\/tienda\/producto\/miskimuna-750-ml-tubular-carnaval-jaujino\/\">            <img decoding=\"async\" width=\"300\" height=\"300\" src=\"https:\/\/elitecultural.com\/tienda\/wp-content\/uploads\/sites\/2\/2021\/12\/Miskimuna-presentacion-tubular-Carnaval-Jaujino-300x300.png\" alt=\"Miskimu\u00f1a Jauja presentaci\u00f3n tubular carnaval jaujino\" loading=\"eager\" \/><\/a><br \/>\n            <a href=\"https:\/\/elitecultural.com\/tienda\/producto\/miskimuna-750-ml-tubular-carnaval-jaujino\/\"><\/p>\n<h2>Miskimu\u00f1a 750 ml (tubular Carnaval Jaujino)<\/h2>\n<p><\/a><br \/>\n            Valorado en <strong>0<\/strong> de 5<bdi>S\/36.00<\/bdi>            <a href=\"?add-to-cart=1490\" data-quantity=\"1\" data-product_id=\"1490\" data-product_sku=\"\" aria-label=\"A\u00f1ade &ldquo;Miskimu\u00f1a 750 ml (tubular Carnaval Jaujino)&rdquo; a tu carrito\" rel=\"nofollow\">A\u00f1adir al carrito<\/a>\n    <\/li>\n<li>\n            <a href=\"https:\/\/elitecultural.com\/tienda\/producto\/miskimuna-750-ml-tubular-chuto\/\">            <img decoding=\"async\" width=\"300\" height=\"300\" src=\"https:\/\/elitecultural.com\/tienda\/wp-content\/uploads\/sites\/2\/2021\/12\/Miskimuna-presentacion-tubular-Chuto-de-la-Tunantada-300x300.png\" alt=\"Miskimu\u00f1a Jauja presentaci\u00f3n tubular chuto de la Tunantada\" loading=\"eager\" \/><\/a><br \/>\n            <a href=\"https:\/\/elitecultural.com\/tienda\/producto\/miskimuna-750-ml-tubular-chuto\/\"><\/p>\n<h2>Miskimu\u00f1a 750 ml (tubular Chuto)<\/h2>\n<p><\/a><br \/>\n            Valorado en <strong>0<\/strong> de 5<bdi>S\/36.00<\/bdi>            <a href=\"?add-to-cart=1488\" data-quantity=\"1\" data-product_id=\"1488\" data-product_sku=\"\" aria-label=\"A\u00f1ade &ldquo;Miskimu\u00f1a 750 ml (tubular Chuto)&rdquo; a tu carrito\" rel=\"nofollow\">A\u00f1adir al carrito<\/a>\n    <\/li>\n<li>\n            <a href=\"https:\/\/elitecultural.com\/tienda\/producto\/miskimuna-200-ml\/\">            <img decoding=\"async\" width=\"300\" height=\"300\" src=\"https:\/\/elitecultural.com\/tienda\/wp-content\/uploads\/sites\/2\/2021\/09\/Miski-muna-200-ml-Tienda-Elite-Cultural-Jauja-2-300x300.png\" alt=\"artesanal miskimu\u00f1a jauja\" loading=\"eager\" \/><\/a><br \/>\n            <a href=\"https:\/\/elitecultural.com\/tienda\/producto\/miskimuna-200-ml\/\"><\/p>\n<h2>Miskimu\u00f1a 200 ml<\/h2>\n<p><\/a><br \/>\n            Valorado en <strong>0<\/strong> de 5<bdi>S\/10.00<\/bdi>            <a href=\"?add-to-cart=980\" data-quantity=\"1\" data-product_id=\"980\" data-product_sku=\"\" aria-label=\"A\u00f1ade &ldquo;Miskimu\u00f1a 200 ml&rdquo; a tu carrito\" rel=\"nofollow\">A\u00f1adir al carrito<\/a>\n    <\/li>\n<li>\n            <a href=\"https:\/\/elitecultural.com\/tienda\/producto\/felix-quispe-osorio-presencias-minimas\/\">            <img decoding=\"async\" width=\"300\" height=\"300\" src=\"https:\/\/elitecultural.com\/tienda\/wp-content\/uploads\/sites\/2\/2021\/07\/Felix-Quispe-Osorio-Presencias-Minimas-300x300.png\" alt=\"\" loading=\"eager\" \/><\/a><br \/>\n            <a href=\"https:\/\/elitecultural.com\/tienda\/producto\/felix-quispe-osorio-presencias-minimas\/\"><\/p>\n<h2>Presencias m\u00ednimas<\/h2>\n<p><\/a><br \/>\n            Valorado en <strong>0<\/strong> de 5<bdi>S\/10.00<\/bdi>            <a href=\"?add-to-cart=215\" data-quantity=\"1\" data-product_id=\"215\" data-product_sku=\"\" aria-label=\"A\u00f1ade &ldquo;Presencias m\u00ednimas&rdquo; a tu carrito\" rel=\"nofollow\">A\u00f1adir al carrito<\/a>\n    <\/li>\n<li>\n            <a href=\"https:\/\/elitecultural.com\/tienda\/producto\/miskimuna-750-ml\/\">            <img decoding=\"async\" width=\"300\" height=\"300\" src=\"https:\/\/elitecultural.com\/tienda\/wp-content\/uploads\/sites\/2\/2021\/09\/Miski-muna-750-ml-Tienda-Elite-Cultural-Jauja-300x300.png\" alt=\"miskimu\u00f1a artesanal jauja peru\" loading=\"eager\" \/><\/a><br \/>\n            <a href=\"https:\/\/elitecultural.com\/tienda\/producto\/miskimuna-750-ml\/\"><\/p>\n<h2>Miskimu\u00f1a 750 ml<\/h2>\n<p><\/a><br \/>\n            Valorado en <strong>0<\/strong> de 5<bdi>S\/27.00<\/bdi>            <a href=\"?add-to-cart=972\" data-quantity=\"1\" data-product_id=\"972\" data-product_sku=\"\" aria-label=\"A\u00f1ade &ldquo;Miskimu\u00f1a 750 ml&rdquo; a tu carrito\" rel=\"nofollow\">A\u00f1adir al carrito<\/a>\n    <\/li>\n<li>\n            <a href=\"https:\/\/elitecultural.com\/tienda\/producto\/destilados\/\">            <img decoding=\"async\" width=\"300\" height=\"300\" src=\"https:\/\/elitecultural.com\/tienda\/wp-content\/uploads\/sites\/2\/2021\/07\/5.-23-de-enero-Destilado-de-aucalipto-500-ml-300x300.png\" alt=\"\" loading=\"eager\" \/><\/a><br \/>\n            <a href=\"https:\/\/elitecultural.com\/tienda\/producto\/destilados\/\"><\/p>\n<h2>Destilados<\/h2>\n<p><\/a><br \/>\n            Valorado en <strong>0<\/strong> de 5<bdi>S\/22.00<\/bdi>            <a href=\"https:\/\/elitecultural.com\/tienda\/producto\/destilados\/\" data-quantity=\"1\" data-product_id=\"1721\" data-product_sku=\"\" aria-label=\"Elige las opciones para &ldquo;Destilados&rdquo;\" rel=\"nofollow\">Seleccionar opciones<\/a>\n    <\/li>\n<li>\n            <a href=\"https:\/\/elitecultural.com\/tienda\/producto\/valle-andina-especial-330-ml\/\">            <img decoding=\"async\" width=\"300\" height=\"300\" src=\"https:\/\/elitecultural.com\/tienda\/wp-content\/uploads\/sites\/2\/2022\/12\/Valle-Andina-portada-especiales-botellas-300x300.png\" alt=\"Valle Andina artesanal, tienda \u00c9lite Cultural Per\u00fa\" loading=\"eager\" \/><br \/>\n\t\tNUEVO<br \/>\n<!--yith-wcbm-badge--><br \/>\n<!--container-image-and-badge--><\/a><br \/>\n            <a href=\"https:\/\/elitecultural.com\/tienda\/producto\/valle-andina-especial-330-ml\/\"><\/p>\n<h2>Valle Andina Especial 330 ml<\/h2>\n<p><\/a><br \/>\n            Valorado en <strong>0<\/strong> de 5<bdi>S\/12.00<\/bdi>            <a href=\"https:\/\/elitecultural.com\/tienda\/producto\/valle-andina-especial-330-ml\/\" data-quantity=\"1\" data-product_id=\"2102\" data-product_sku=\"\" aria-label=\"Elige las opciones para &ldquo;Valle Andina Especial 330 ml&rdquo;\" rel=\"nofollow\">Seleccionar opciones<\/a>\n    <\/li>\n<li>\n            <a href=\"https:\/\/elitecultural.com\/tienda\/producto\/cremas\/\">            <img decoding=\"async\" width=\"300\" height=\"300\" src=\"https:\/\/elitecultural.com\/tienda\/wp-content\/uploads\/sites\/2\/2021\/07\/23.-23-de-enero-Crema-de-muna-500-ml.jpg-300x300.png\" alt=\"\" loading=\"eager\" \/><\/a><br \/>\n            <a href=\"https:\/\/elitecultural.com\/tienda\/producto\/cremas\/\"><\/p>\n<h2>Cremas<\/h2>\n<p><\/a><br \/>\n            Valorado en <strong>0<\/strong> de 5<bdi>S\/12.00<\/bdi> &ndash; <bdi>S\/22.00<\/bdi>            <a href=\"https:\/\/elitecultural.com\/tienda\/producto\/cremas\/\" data-quantity=\"1\" data-product_id=\"1708\" data-product_sku=\"\" aria-label=\"Elige las opciones para &ldquo;Cremas&rdquo;\" rel=\"nofollow\">Seleccionar opciones<\/a>\n    <\/li>\n<li>\n            <a href=\"https:\/\/elitecultural.com\/tienda\/producto\/lenguaje-tunantero\/\">            <img decoding=\"async\" width=\"300\" height=\"300\" src=\"https:\/\/elitecultural.com\/tienda\/wp-content\/uploads\/sites\/2\/2023\/01\/Felix-Quispe-Osorio-Lenguaje-Tunantero-300x300.png\" alt=\"Lenguaje tunantero libro con la participaci\u00f3n de F\u00e9lix Quispe Osorio\" loading=\"eager\" \/><br \/>\n\t\tNUEVO<br \/>\n<!--yith-wcbm-badge--><br \/>\n<!--container-image-and-badge--><\/a><br \/>\n            <a href=\"https:\/\/elitecultural.com\/tienda\/producto\/lenguaje-tunantero\/\"><\/p>\n<h2>Lenguaje Tunantero<\/h2>\n<p><\/a><br \/>\n            Valorado en <strong>0<\/strong> de 5<bdi>S\/20.00<\/bdi>            <a href=\"?add-to-cart=2272\" data-quantity=\"1\" data-product_id=\"2272\" data-product_sku=\"\" aria-label=\"A\u00f1ade &ldquo;Lenguaje Tunantero&rdquo; a tu carrito\" rel=\"nofollow\">A\u00f1adir al carrito<\/a>\n    <\/li>\n<li>\n            <a href=\"https:\/\/elitecultural.com\/tienda\/producto\/la-parca\/\">            <img decoding=\"async\" width=\"300\" height=\"300\" src=\"https:\/\/elitecultural.com\/tienda\/wp-content\/uploads\/sites\/2\/2022\/06\/Felix-Quispe-Osorio-La-Parca-300x300.png\" alt=\"F\u00e9lix Quispe Osorio - La Parca\" loading=\"eager\" \/><\/a><br \/>\n            <a href=\"https:\/\/elitecultural.com\/tienda\/producto\/la-parca\/\"><\/p>\n<h2>La Parca<\/h2>\n<p><\/a><br \/>\n            Valorado en <strong>0<\/strong> de 5<bdi>S\/4.00<\/bdi>            <a href=\"?add-to-cart=1795\" data-quantity=\"1\" data-product_id=\"1795\" data-product_sku=\"\" aria-label=\"A\u00f1ade &ldquo;La Parca&rdquo; a tu carrito\" rel=\"nofollow\">A\u00f1adir al carrito<\/a>\n    <\/li>\n<li>\n            <a href=\"https:\/\/elitecultural.com\/tienda\/producto\/cuentos-magicos\/\">            <img decoding=\"async\" width=\"300\" height=\"300\" src=\"https:\/\/elitecultural.com\/tienda\/wp-content\/uploads\/sites\/2\/2022\/05\/Felix-Quispe-Osorio-Cuentos-magicos-300x300.png\" alt=\"Cuentos m\u00e1gicos - F\u00e9lix Quispe Osorio\" loading=\"eager\" \/><\/a><br \/>\n            <a href=\"https:\/\/elitecultural.com\/tienda\/producto\/cuentos-magicos\/\"><\/p>\n<h2>Cuentos M\u00e1gicos<\/h2>\n<p><\/a><br \/>\n            Valorado en <strong>0<\/strong> de 5<bdi>S\/7.00<\/bdi>            <a href=\"?add-to-cart=1674\" data-quantity=\"1\" data-product_id=\"1674\" data-product_sku=\"\" aria-label=\"A\u00f1ade &ldquo;Cuentos M\u00e1gicos&rdquo; a tu carrito\" rel=\"nofollow\">A\u00f1adir al carrito<\/a>\n    <\/li>\n<li>\n            <a href=\"https:\/\/elitecultural.com\/tienda\/producto\/miskimuna-750-ml-tubular-huatrilas\/\">            <img decoding=\"async\" width=\"300\" height=\"300\" src=\"https:\/\/elitecultural.com\/tienda\/wp-content\/uploads\/sites\/2\/2021\/12\/Miskimuna-presentacion-tubular-Tunantada-Huatrilas-300x300.png\" alt=\"Miskimu\u00f1a Jauja presentaci\u00f3n tubular huatrilas de la Tunantada\" loading=\"eager\" \/><\/a><br \/>\n            <a href=\"https:\/\/elitecultural.com\/tienda\/producto\/miskimuna-750-ml-tubular-huatrilas\/\"><\/p>\n<h2>Miskimu\u00f1a 750 ml (tubular Huatrilas)<\/h2>\n<p><\/a><br \/>\n            Valorado en <strong>0<\/strong> de 5<bdi>S\/36.00<\/bdi>            <a href=\"?add-to-cart=1482\" data-quantity=\"1\" data-product_id=\"1482\" data-product_sku=\"\" aria-label=\"A\u00f1ade &ldquo;Miskimu\u00f1a 750 ml (tubular Huatrilas)&rdquo; a tu carrito\" rel=\"nofollow\">A\u00f1adir al carrito<\/a>\n    <\/li>\n<li>\n            <a href=\"https:\/\/elitecultural.com\/tienda\/producto\/cauce-abierto\/\">            <img decoding=\"async\" width=\"300\" height=\"300\" src=\"https:\/\/elitecultural.com\/tienda\/wp-content\/uploads\/sites\/2\/2022\/05\/Felix-Quispe-Osorio-Cauce-Abierto-300x300.png\" alt=\"Cauce abierto F\u00e9lix Quispe Osorio\" loading=\"eager\" \/><\/a><br \/>\n            <a href=\"https:\/\/elitecultural.com\/tienda\/producto\/cauce-abierto\/\"><\/p>\n<h2>Cauce Abierto<\/h2>\n<p><\/a><br \/>\n            Valorado en <strong>0<\/strong> de 5<bdi>S\/15.00<\/bdi>            <a href=\"?add-to-cart=1672\" data-quantity=\"1\" data-product_id=\"1672\" data-product_sku=\"\" aria-label=\"A\u00f1ade &ldquo;Cauce Abierto&rdquo; a tu carrito\" rel=\"nofollow\">A\u00f1adir al carrito<\/a>\n    <\/li>\n<li>\n            <a href=\"https:\/\/elitecultural.com\/tienda\/producto\/eucalyptus-355-ml\/\">            <img decoding=\"async\" width=\"300\" height=\"300\" src=\"https:\/\/elitecultural.com\/tienda\/wp-content\/uploads\/sites\/2\/2022\/05\/Eucaliptus-355-ml-Tienda-Elite-Cultural-Jauja-300x300.png\" alt=\"Eucaliptus 355 mL (de los mismos productores de MIskimu\u00f1a)\" loading=\"eager\" \/><br \/>\n\t\tNUEVO<br \/>\n<!--yith-wcbm-badge--><br \/>\n<!--container-image-and-badge--><\/a><br \/>\n            <a href=\"https:\/\/elitecultural.com\/tienda\/producto\/eucalyptus-355-ml\/\"><\/p>\n<h2>Eucalyptus<\/h2>\n<p><\/a><br \/>\n            Valorado en <strong>0<\/strong> de 5<bdi>S\/13.00<\/bdi> &ndash; <bdi>S\/29.00<\/bdi>            <a href=\"https:\/\/elitecultural.com\/tienda\/producto\/eucalyptus-355-ml\/\" data-quantity=\"1\" data-product_id=\"1669\" data-product_sku=\"\" aria-label=\"Elige las opciones para &ldquo;Eucalyptus&rdquo;\" rel=\"nofollow\">Seleccionar opciones<\/a>\n    <\/li>\n<\/ul>\n<p>                <button id=\"eael-load-more-btn-b8d9f00\" data-widget-id=\"b8d9f00\" data-widget=\"b8d9f00\" data-page-id=\"11\" data-nonce=\"cf2c89d555\" data-template=\"{&quot;dir&quot;:&quot;lite&quot;,&quot;file_name&quot;:&quot;default.php&quot;,&quot;name&quot;:&quot;Eicon-Woocommerce&quot;}\" data-class=\"Essential_Addons_ElementorElementsProduct_Grid\" data-layout=\"grid\" data-page=\"1\" data-args=\"post_type=product&amp;post_status%5B0%5D=publish&amp;post_status%5B1%5D=pending&amp;post_status%5B2%5D=future&amp;posts_per_page=20&amp;order=desc&amp;offset=0&amp;tax_query%5Brelation%5D=AND&amp;tax_query%5B0%5D%5Btaxonomy%5D=product_visibility&amp;tax_query%5B0%5D%5Bfield%5D=name&amp;tax_query%5B0%5D%5Bterms%5D%5B0%5D=exclude-from-search&amp;tax_query%5B0%5D%5Bterms%5D%5B1%5D=exclude-from-catalog&amp;tax_query%5B0%5D%5Boperator%5D=NOT+IN&amp;orderby=rand&amp;meta_query%5Brelation%5D=AND&amp;total_post=24\" data-max-page=\"2\"><br \/>\n                    Cargar m\u00e1s<br \/>\n                <\/button><\/p>\n<h3>\u00bfQui\u00e9nes somos?<\/h3>\n<p>Esta tienda pertenece a todos los afiliados a la Asociaci\u00f3n \u00c9lite Cultural Per\u00fa<\/p>\n<p>\t\t\t<a href=\"https:\/\/elitecultural.com\" target=\"_blank\" role=\"button\" rel=\"noopener\"><br \/>\n\t\t\t\t\t\tCon\u00f3cenos<br \/>\n\t\t\t\t\t<\/a><\/p>\n<h3>\u00bfQuieres ser parte de la tienda?<\/h3>\n<p>Vu\u00e9lvete socio y muestra tus productos en nuestra tienda y accede a m\u00e1s beneficios<\/p>\n<p>\t\t\t<a href=\"https:\/\/elitecultural.com\/afiliacion\" target=\"_blank\" role=\"button\" rel=\"noopener\"><br \/>\n\t\t\t\t\t\tAf\u00edliate aqu\u00ed<br \/>\n\t\t\t\t\t<\/a><\/p>\n<h3>Enlaces directos<\/h3>\n<ul>\n<li>\n\t\t\t\t\t\t\t\t\t\t\t<a href=\"https:\/\/elitecultural.com\/tienda\/terminos-y-condiciones\" target=\"_blank\" rel=\"noopener\"><br \/>\n\t\t\t\t\t\t\t\t\t\tT\u00e9rminos y condiciones<br \/>\n\t\t\t\t\t\t\t\t\t\t\t<\/a>\n\t\t\t\t\t\t\t\t\t<\/li>\n<li>\n\t\t\t\t\t\t\t\t\t\t\t<a href=\"https:\/\/elitecultural.com\/tienda\/asociados\"><br \/>\n\t\t\t\t\t\t\t\t\t\tZona de Asociados<br \/>\n\t\t\t\t\t\t\t\t\t\t\t<\/a>\n\t\t\t\t\t\t\t\t\t<\/li>\n<li>\n\t\t\t\t\t\t\t\t\t\t\t<a href=\"https:\/\/elitecultural.com\/tienda\/referidos\"><br \/>\n\t\t\t\t\t\t\t\t\t\tPrograma de Referidos<br \/>\n\t\t\t\t\t\t\t\t\t\t\t<\/a>\n\t\t\t\t\t\t\t\t\t<\/li>\n<\/ul>\n","protected":false},"excerpt":{"rendered":"<p>TIENDA \u00c9LITE CULTURAL PER\u00da Marcas: [fibosearch] T\u00e9rminos y condiciones de la tienda productos: Hoy es siempre todav\u00eda Valorado en 0 de 5AgotadoS\/10.00 Leer m\u00e1s NUEVO Valle Andina 600 ml Valorado en 0 de 5S\/15.00 Seleccionar opciones Miskimu\u00f1a 355 ml Valorado en 0 de 5S\/13.00 A\u00f1adir al carrito Miskimu\u00f1a 1 L Valorado en 0 de 5S\/29.00 [&hellip;]<\/p>\n","protected":false},"author":1,"featured_media":573,"parent":0,"menu_order":0,"comment_status":"closed","ping_status":"closed","template":"","meta":{"footnotes":""},"class_list":["post-11","page","type-page","status-publish","has-post-thumbnail","hentry"],"_links":{"self":[{"href":"https:\/\/elitecultural.com\/tienda\/wp-json\/wp\/v2\/pages\/11","targetHints":{"allow":["GET"]}}],"collection":[{"href":"https:\/\/elitecultural.com\/tienda\/wp-json\/wp\/v2\/pages"}],"about":[{"href":"https:\/\/elitecultural.com\/tienda\/wp-json\/wp\/v2\/types\/page"}],"author":[{"embeddable":true,"href":"https:\/\/elitecultural.com\/tienda\/wp-json\/wp\/v2\/users\/1"}],"replies":[{"embeddable":true,"href":"https:\/\/elitecultural.com\/tienda\/wp-json\/wp\/v2\/comments?post=11"}],"version-history":[{"count":6,"href":"https:\/\/elitecultural.com\/tienda\/wp-json\/wp\/v2\/pages\/11\/revisions"}],"predecessor-version":[{"id":2492,"href":"https:\/\/elitecultural.com\/tienda\/wp-json\/wp\/v2\/pages\/11\/revisions\/2492"}],"wp:featuredmedia":[{"embeddable":true,"href":"https:\/\/elitecultural.com\/tienda\/wp-json\/wp\/v2\/media\/573"}],"wp:attachment":[{"href":"https:\/\/elitecultural.com\/tienda\/wp-json\/wp\/v2\/media?parent=11"}],"curies":[{"name":"wp","href":"https:\/\/api.w.org\/{rel}","templated":true}]}}